{"id":17641,"date":"2025-09-26T14:11:12","date_gmt":"2025-09-26T12:11:12","guid":{"rendered":"https:\/\/www.medac.it\/?page_id=17641"},"modified":"2026-04-15T16:11:25","modified_gmt":"2026-04-15T14:11:25","slug":"sustainability-report","status":"publish","type":"page","link":"https:\/\/www.medac.it\/en\/bilancio-di-sostenibilita\/","title":{"rendered":"Sustainability Report"},"content":{"rendered":"<div data-elementor-type=\"wp-page\" data-elementor-id=\"17641\" class=\"elementor elementor-17641\" data-elementor-post-type=\"page\">\n\t\t\t\t\t\t<section class=\"elementor-section elementor-top-section elementor-element elementor-element-9ed5d6 elementor-section-full_width elementor-section-height-default elementor-section-height-default\" data-id=\"9ed5d6\" data-element_type=\"section\" data-e-type=\"section\" data-settings=\"{&quot;background_background&quot;:&quot;classic&quot;}\">\n\t\t\t\t\t\t<div class=\"elementor-container elementor-column-gap-default\">\n\t\t\t\t\t<div class=\"elementor-column elementor-col-33 elementor-top-column elementor-element elementor-element-7ccec3a6\" data-id=\"7ccec3a6\" data-element_type=\"column\" data-e-type=\"column\">\n\t\t\t<div class=\"elementor-widget-wrap elementor-element-populated\">\n\t\t\t\t\t\t<div class=\"elementor-element elementor-element-5aecb81d elementor-icon-list--layout-inline elementor-list-item-link-full_width elementor-widget elementor-widget-icon-list\" data-id=\"5aecb81d\" data-element_type=\"widget\" data-e-type=\"widget\" data-widget_type=\"icon-list.default\">\n\t\t\t\t<div class=\"elementor-widget-container\">\n\t\t\t\t\t\t\t<ul class=\"elementor-icon-list-items elementor-inline-items\">\n\t\t\t\t\t\t\t<li class=\"elementor-icon-list-item elementor-inline-item\">\n\t\t\t\t\t\t\t\t\t\t<span class=\"elementor-icon-list-text\">Home<\/span>\n\t\t\t\t\t\t\t\t\t<\/li>\n\t\t\t\t\t\t\t\t<li class=\"elementor-icon-list-item elementor-inline-item\">\n\t\t\t\t\t\t\t\t\t\t\t<span class=\"elementor-icon-list-icon\">\n\t\t\t\t\t\t\t<i aria-hidden=\"true\" class=\"fas fa-chevron-right\"><\/i>\t\t\t\t\t\t<\/span>\n\t\t\t\t\t\t\t\t\t\t<span class=\"elementor-icon-list-text\">Sustainability<\/span>\n\t\t\t\t\t\t\t\t\t<\/li>\n\t\t\t\t\t\t\t\t<li class=\"elementor-icon-list-item elementor-inline-item\">\n\t\t\t\t\t\t\t\t\t\t\t<span class=\"elementor-icon-list-icon\">\n\t\t\t\t\t\t\t<i aria-hidden=\"true\" class=\"fas fa-chevron-right\"><\/i>\t\t\t\t\t\t<\/span>\n\t\t\t\t\t\t\t\t\t\t<span class=\"elementor-icon-list-text\"><\/span>\n\t\t\t\t\t\t\t\t\t<\/li>\n\t\t\t\t\t\t<\/ul>\n\t\t\t\t\t\t<\/div>\n\t\t\t\t<\/div>\n\t\t\t\t<div class=\"elementor-element elementor-element-7a2bd1a8 elementor-widget elementor-widget-heading\" data-id=\"7a2bd1a8\" data-element_type=\"widget\" data-e-type=\"widget\" data-widget_type=\"heading.default\">\n\t\t\t\t<div class=\"elementor-widget-container\">\n\t\t\t\t\t<h1 class=\"elementor-heading-title elementor-size-default\">Sustainability Report<\/h1>\t\t\t\t<\/div>\n\t\t\t\t<\/div>\n\t\t\t\t\t<\/div>\n\t\t<\/div>\n\t\t\t\t<div class=\"elementor-column elementor-col-33 elementor-top-column elementor-element elementor-element-f2df3a4 elementor-hidden-desktop elementor-hidden-tablet elementor-hidden-mobile\" data-id=\"f2df3a4\" data-element_type=\"column\" data-e-type=\"column\" data-settings=\"{&quot;background_background&quot;:&quot;gradient&quot;}\">\n\t\t\t<div class=\"elementor-widget-wrap elementor-element-populated\">\n\t\t\t\t\t\t<div class=\"elementor-element elementor-element-6462c61c elementor-widget elementor-widget-spacer\" data-id=\"6462c61c\" data-element_type=\"widget\" data-e-type=\"widget\" data-widget_type=\"spacer.default\">\n\t\t\t\t<div class=\"elementor-widget-container\">\n\t\t\t\t\t\t\t<div class=\"elementor-spacer\">\n\t\t\t<div class=\"elementor-spacer-inner\"><\/div>\n\t\t<\/div>\n\t\t\t\t\t\t<\/div>\n\t\t\t\t<\/div>\n\t\t\t\t\t<\/div>\n\t\t<\/div>\n\t\t\t\t<div class=\"elementor-column elementor-col-33 elementor-top-column elementor-element elementor-element-7c7c9ef7 elementor-hidden-tablet elementor-hidden-mobile elementor-hidden-desktop\" data-id=\"7c7c9ef7\" data-element_type=\"column\" data-e-type=\"column\">\n\t\t\t<div class=\"elementor-widget-wrap\">\n\t\t\t\t\t\t\t<\/div>\n\t\t<\/div>\n\t\t\t\t\t<\/div>\n\t\t<\/section>\n\t\t\t\t<section class=\"elementor-section elementor-top-section elementor-element elementor-element-1454ed7d elementor-section-full_width elementor-section-height-default elementor-section-height-default\" data-id=\"1454ed7d\" data-element_type=\"section\" data-e-type=\"section\">\n\t\t\t\t\t\t<div class=\"elementor-container elementor-column-gap-default\">\n\t\t\t\t\t<div class=\"elementor-column elementor-col-50 elementor-top-column elementor-element elementor-element-7eb23d79\" data-id=\"7eb23d79\" data-element_type=\"column\" data-e-type=\"column\" data-settings=\"{&quot;background_background&quot;:&quot;classic&quot;}\">\n\t\t\t<div class=\"elementor-widget-wrap elementor-element-populated\">\n\t\t\t\t\t\t<div class=\"elementor-element elementor-element-47432f0e elementor-widget__width-initial sost-text elementor-widget elementor-widget-text-editor\" data-id=\"47432f0e\" data-element_type=\"widget\" data-e-type=\"widget\" data-widget_type=\"text-editor.default\">\n\t\t\t\t<div class=\"elementor-widget-container\">\n\t\t\t\t\t\t\t\t\t<p>Sustainability has always been one of the pillars of Medac\u2019s corporate strategy. Our continuous improvement journey in this field has led to many achievements: from obtaining our first ISO 14001 certification in 2006, to receiving the first Ecovadis recognition in 2017, and finally, in 2025, to the publication of our first voluntary Sustainability Report.<\/p><p><strong>Sustainability Report: what it is and how it is issued<\/strong><\/p><p>The Sustainability Report is an annual document that enables companies to communicate to their stakeholders the activities carried out during the reference year, across three key areas of sustainability:<strong>:<\/strong><\/p><ul><li>Environmental<\/li><li>Social<\/li><li>Governance<\/li><\/ul><p>Thanks to the inclusion of performance indicators, the Sustainability Report allows for monitoring the results achieved over the years and setting new objectives aimed at continuous improvement.<\/p><p class=\"translation-block\">To ensure consistency in reporting among companies operating in different sectors, the report is issued according to universal standards. Those developed by the <strong>Global Reporting Initiative<\/strong> (<strong>GRI<\/strong>) are today widely adopted across Europe.<\/p><p><strong>Our journey<\/strong><\/p><p>In 2025, Medac publishes its first voluntary Sustainability Report, issued in accordance with GRI standards, covering the actions implemented during the 2023\/24 biennium.<\/p>\t\t\t\t\t\t\t\t<\/div>\n\t\t\t\t<\/div>\n\t\t\t\t<div class=\"elementor-element elementor-element-4396f4ee elementor-widget elementor-widget-button\" data-id=\"4396f4ee\" data-element_type=\"widget\" data-e-type=\"widget\" data-no-translation=\"\" data-widget_type=\"button.default\">\n\t\t\t\t<div class=\"elementor-widget-container\">\n\t\t\t\t\t<style>.elementor-element-4396f4ee{display:none !important}<\/style>\t\t\t\t<\/div>\n\t\t\t\t<\/div>\n\t\t\t\t<div class=\"elementor-element elementor-element-7c98cd0 elementor-widget elementor-widget-button\" data-id=\"7c98cd0\" data-element_type=\"widget\" data-e-type=\"widget\" data-no-translation=\"\" data-widget_type=\"button.default\">\n\t\t\t\t<div class=\"elementor-widget-container\">\n\t\t\t\t\t\t\t\t\t<div class=\"elementor-button-wrapper\">\n\t\t\t\t\t<a class=\"elementor-button elementor-button-link elementor-size-lg elementor-animation-float\" href=\"https:\/\/www.medac.it\/wp-content\/uploads\/2025\/10\/sustainability-report-2024_EN.pdf\" target=\"_blank\">\n\t\t\t\t\t\t<span class=\"elementor-button-content-wrapper\">\n\t\t\t\t\t\t<span class=\"elementor-button-icon\">\n\t\t\t\t<i aria-hidden=\"true\" class=\"fas fa-file-pdf\"><\/i>\t\t\t<\/span>\n\t\t\t\t\t\t\t\t\t<span class=\"elementor-button-text\">Sustainability Report 2024<\/span>\n\t\t\t\t\t<\/span>\n\t\t\t\t\t<\/a>\n\t\t\t\t<\/div>\n\t\t\t\t\t\t\t\t<\/div>\n\t\t\t\t<\/div>\n\t\t\t\t\t<\/div>\n\t\t<\/div>\n\t\t\t\t<div class=\"elementor-column elementor-col-50 elementor-top-column elementor-element elementor-element-51d4d8f9\" data-id=\"51d4d8f9\" data-element_type=\"column\" data-e-type=\"column\">\n\t\t\t<div class=\"elementor-widget-wrap\">\n\t\t\t\t\t\t\t<\/div>\n\t\t<\/div>\n\t\t\t\t\t<\/div>\n\t\t<\/section>\n\t\t\t\t<\/div>","protected":false},"excerpt":{"rendered":"<p>Home Sostenibilit\u00e0 Bilancio di sostenibilit\u00e0 Da sempre la sostenibilit\u00e0 per Medac \u00e8 stata uno dei pilastri su cui basare la strategia aziendale negli anni. Il percorso di miglioramento continuo in tema di sostenibilit\u00e0 ha visto il raggiungimento di molti traguardi, dall\u2019ottenimento della prima certificazione ISO 140001 nel 2006 al primo riconoscimento Ecovadis nel 2017, fino [&hellip;]<\/p>\n","protected":false},"author":1,"featured_media":0,"parent":0,"menu_order":0,"comment_status":"closed","ping_status":"closed","template":"","meta":{"_acf_changed":false,"footnotes":""},"class_list":["post-17641","page","type-page","status-publish","hentry"],"acf":[],"yoast_head":"<!-- This site is optimized with the Yoast SEO plugin v27.4 - https:\/\/yoast.com\/product\/yoast-seo-wordpress\/ -->\n<title>Bilancio di Sostenibilit\u00e0: Report e Dati - Medac<\/title>\n<meta name=\"description\" content=\"Consulta il Bilancio di Sostenibilit\u00e0 Medac. Il documento ufficiale che attesta i nostri obiettivi raggiunti e i traguardi futuri in ambito ESG.\" \/>\n<meta name=\"robots\" content=\"index, follow, max-snippet:-1, max-image-preview:large, max-video-preview:-1\" \/>\n<link rel=\"canonical\" href=\"https:\/\/www.medac.it\/en\/sustainability-report\/\" \/>\n<meta property=\"og:locale\" content=\"en_GB\" \/>\n<meta property=\"og:type\" content=\"article\" \/>\n<meta property=\"og:title\" content=\"Bilancio di Sostenibilit\u00e0: Report e Dati - Medac\" \/>\n<meta property=\"og:description\" content=\"Consulta il Bilancio di Sostenibilit\u00e0 Medac. Il documento ufficiale che attesta i nostri obiettivi raggiunti e i traguardi futuri in ambito ESG.\" \/>\n<meta property=\"og:url\" content=\"https:\/\/www.medac.it\/en\/sustainability-report\/\" \/>\n<meta property=\"og:site_name\" content=\"Medac\" \/>\n<meta property=\"article:modified_time\" content=\"2026-04-15T14:11:25+00:00\" \/>\n<meta name=\"twitter:card\" content=\"summary_large_image\" \/>\n<meta name=\"twitter:label1\" content=\"Estimated reading time\" \/>\n\t<meta name=\"twitter:data1\" content=\"1 minute\" \/>\n<script type=\"application\/ld+json\" class=\"yoast-schema-graph\">{\"@context\":\"https:\\\/\\\/schema.org\",\"@graph\":[{\"@type\":\"WebPage\",\"@id\":\"https:\\\/\\\/www.medac.it\\\/bilancio-di-sostenibilita\\\/\",\"url\":\"https:\\\/\\\/www.medac.it\\\/bilancio-di-sostenibilita\\\/\",\"name\":\"Bilancio di Sostenibilit\u00e0: Report e Dati - Medac\",\"isPartOf\":{\"@id\":\"https:\\\/\\\/www.medac.it\\\/en\\\/#website\"},\"datePublished\":\"2025-09-26T12:11:12+00:00\",\"dateModified\":\"2026-04-15T14:11:25+00:00\",\"description\":\"Consulta il Bilancio di Sostenibilit\u00e0 Medac. Il documento ufficiale che attesta i nostri obiettivi raggiunti e i traguardi futuri in ambito ESG.\",\"breadcrumb\":{\"@id\":\"https:\\\/\\\/www.medac.it\\\/bilancio-di-sostenibilita\\\/#breadcrumb\"},\"inLanguage\":\"en-GB\",\"potentialAction\":[{\"@type\":\"ReadAction\",\"target\":[\"https:\\\/\\\/www.medac.it\\\/bilancio-di-sostenibilita\\\/\"]}]},{\"@type\":\"BreadcrumbList\",\"@id\":\"https:\\\/\\\/www.medac.it\\\/bilancio-di-sostenibilita\\\/#breadcrumb\",\"itemListElement\":[{\"@type\":\"ListItem\",\"position\":1,\"name\":\"Home\",\"item\":\"https:\\\/\\\/www.medac.it\\\/\"},{\"@type\":\"ListItem\",\"position\":2,\"name\":\"Bilancio di Sostenibilit\u00e0\"}]},{\"@type\":\"WebSite\",\"@id\":\"https:\\\/\\\/www.medac.it\\\/en\\\/#website\",\"url\":\"https:\\\/\\\/www.medac.it\\\/en\\\/\",\"name\":\"Medac\",\"description\":\"Protegge la qualit\u00e0, rispetta l&#039;ambiente\",\"publisher\":{\"@id\":\"https:\\\/\\\/www.medac.it\\\/en\\\/#organization\"},\"potentialAction\":[{\"@type\":\"SearchAction\",\"target\":{\"@type\":\"EntryPoint\",\"urlTemplate\":\"https:\\\/\\\/www.medac.it\\\/en\\\/?s={search_term_string}\"},\"query-input\":{\"@type\":\"PropertyValueSpecification\",\"valueRequired\":true,\"valueName\":\"search_term_string\"}}],\"inLanguage\":\"en-GB\"},{\"@type\":\"Organization\",\"@id\":\"https:\\\/\\\/www.medac.it\\\/en\\\/#organization\",\"name\":\"Medac S.r.l.\",\"url\":\"https:\\\/\\\/www.medac.it\\\/en\\\/\",\"logo\":{\"@type\":\"ImageObject\",\"inLanguage\":\"en-GB\",\"@id\":\"https:\\\/\\\/www.medac.it\\\/en\\\/#\\\/schema\\\/logo\\\/image\\\/\",\"url\":\"https:\\\/\\\/www.medac.it\\\/wp-content\\\/uploads\\\/2022\\\/01\\\/logo-medac_600x600.jpg\",\"contentUrl\":\"https:\\\/\\\/www.medac.it\\\/wp-content\\\/uploads\\\/2022\\\/01\\\/logo-medac_600x600.jpg\",\"width\":600,\"height\":600,\"caption\":\"Medac S.r.l.\"},\"image\":{\"@id\":\"https:\\\/\\\/www.medac.it\\\/en\\\/#\\\/schema\\\/logo\\\/image\\\/\"},\"sameAs\":[\"https:\\\/\\\/www.instagram.com\\\/medacsrl\\\/\"]}]}<\/script>\n<!-- \/ Yoast SEO plugin. -->","yoast_head_json":{"title":"Sustainability Report: Data and Performance - Medac","description":"Read the Medac Sustainability Report. The official document certifying our achieved goals and future targets in the ESG field.","robots":{"index":"index","follow":"follow","max-snippet":"max-snippet:-1","max-image-preview":"max-image-preview:large","max-video-preview":"max-video-preview:-1"},"canonical":"https:\/\/www.medac.it\/en\/sustainability-report\/","og_locale":"en_GB","og_type":"article","og_title":"Bilancio di Sostenibilit\u00e0: Report e Dati - Medac","og_description":"Consulta il Bilancio di Sostenibilit\u00e0 Medac. Il documento ufficiale che attesta i nostri obiettivi raggiunti e i traguardi futuri in ambito ESG.","og_url":"https:\/\/www.medac.it\/en\/sustainability-report\/","og_site_name":"Medac","article_modified_time":"2026-04-15T14:11:25+00:00","twitter_card":"summary_large_image","twitter_misc":{"Estimated reading time":"1 minute"},"schema":{"@context":"https:\/\/schema.org","@graph":[{"@type":"WebPage","@id":"https:\/\/www.medac.it\/bilancio-di-sostenibilita\/","url":"https:\/\/www.medac.it\/bilancio-di-sostenibilita\/","name":"Sustainability Report: Data and Performance - Medac","isPartOf":{"@id":"https:\/\/www.medac.it\/en\/#website"},"datePublished":"2025-09-26T12:11:12+00:00","dateModified":"2026-04-15T14:11:25+00:00","description":"Read the Medac Sustainability Report. The official document certifying our achieved goals and future targets in the ESG field.","breadcrumb":{"@id":"https:\/\/www.medac.it\/bilancio-di-sostenibilita\/#breadcrumb"},"inLanguage":"en-GB","potentialAction":[{"@type":"ReadAction","target":["https:\/\/www.medac.it\/bilancio-di-sostenibilita\/"]}]},{"@type":"BreadcrumbList","@id":"https:\/\/www.medac.it\/bilancio-di-sostenibilita\/#breadcrumb","itemListElement":[{"@type":"ListItem","position":1,"name":"Home","item":"https:\/\/www.medac.it\/"},{"@type":"ListItem","position":2,"name":"Bilancio di Sostenibilit\u00e0"}]},{"@type":"WebSite","@id":"https:\/\/www.medac.it\/en\/#website","url":"https:\/\/www.medac.it\/en\/","name":"Medac","description":"Protegge la qualit\u00e0, rispetta l&#039;ambiente","publisher":{"@id":"https:\/\/www.medac.it\/en\/#organization"},"potentialAction":[{"@type":"SearchAction","target":{"@type":"EntryPoint","urlTemplate":"https:\/\/www.medac.it\/en\/?s={search_term_string}"},"query-input":{"@type":"PropertyValueSpecification","valueRequired":true,"valueName":"search_term_string"}}],"inLanguage":"en-GB"},{"@type":"Organization","@id":"https:\/\/www.medac.it\/en\/#organization","name":"Medac S.r.l.","url":"https:\/\/www.medac.it\/en\/","logo":{"@type":"ImageObject","inLanguage":"en-GB","@id":"https:\/\/www.medac.it\/en\/#\/schema\/logo\/image\/","url":"https:\/\/www.medac.it\/wp-content\/uploads\/2022\/01\/logo-medac_600x600.jpg","contentUrl":"https:\/\/www.medac.it\/wp-content\/uploads\/2022\/01\/logo-medac_600x600.jpg","width":600,"height":600,"caption":"Medac S.r.l."},"image":{"@id":"https:\/\/www.medac.it\/en\/#\/schema\/logo\/image\/"},"sameAs":["https:\/\/www.instagram.com\/medacsrl\/"]}]}},"_links":{"self":[{"href":"https:\/\/www.medac.it\/en\/wp-json\/wp\/v2\/pages\/17641","targetHints":{"allow":["GET"]}}],"collection":[{"href":"https:\/\/www.medac.it\/en\/wp-json\/wp\/v2\/pages"}],"about":[{"href":"https:\/\/www.medac.it\/en\/wp-json\/wp\/v2\/types\/page"}],"author":[{"embeddable":true,"href":"https:\/\/www.medac.it\/en\/wp-json\/wp\/v2\/users\/1"}],"replies":[{"embeddable":true,"href":"https:\/\/www.medac.it\/en\/wp-json\/wp\/v2\/comments?post=17641"}],"version-history":[{"count":22,"href":"https:\/\/www.medac.it\/en\/wp-json\/wp\/v2\/pages\/17641\/revisions"}],"predecessor-version":[{"id":17713,"href":"https:\/\/www.medac.it\/en\/wp-json\/wp\/v2\/pages\/17641\/revisions\/17713"}],"wp:attachment":[{"href":"https:\/\/www.medac.it\/en\/wp-json\/wp\/v2\/media?parent=17641"}],"curies":[{"name":"wp","href":"https:\/\/api.w.org\/{rel}","templated":true}]}}